{"id":10702,"date":"2025-07-24T06:13:57","date_gmt":"2025-07-24T06:13:57","guid":{"rendered":"https:\/\/rondaplus.com\/?post_type=product&#038;p=10702"},"modified":"2026-05-11T08:58:07","modified_gmt":"2026-05-11T08:58:07","slug":"compressed-sofa-b101","status":"publish","type":"product","link":"https:\/\/rondaplus.com\/ar\/product\/compressed-sofa-b101\/","title":{"rendered":"Compressed Sofa-B101"},"content":{"rendered":"<h3>\u200b<span style=\"color: #993300\"><strong>Multiple colors to choose from, according to preference.<\/strong><\/span><\/h3>\n<h3><img fetchpriority=\"high\" decoding=\"async\" class=\"alignnone wp-image-10708 size-full\" src=\"https:\/\/rondaplus.com\/wp-content\/uploads\/2025\/07\/\u683c\u8c03\u4e2d.jpeg\" alt=\"\" width=\"480\" height=\"640\" srcset=\"https:\/\/rondaplus.com\/wp-content\/uploads\/2025\/07\/\u683c\u8c03\u4e2d.jpeg 480w, https:\/\/rondaplus.com\/wp-content\/uploads\/2025\/07\/\u683c\u8c03\u4e2d-148x197.jpeg 148w, https:\/\/rondaplus.com\/wp-content\/uploads\/2025\/07\/\u683c\u8c03\u4e2d-225x300.jpeg 225w, https:\/\/rondaplus.com\/wp-content\/uploads\/2025\/07\/\u683c\u8c03\u4e2d-9x12.jpeg 9w\" sizes=\"(max-width: 480px) 100vw, 480px\" \/><\/h3>\n<ol>\n<li>\u200b<strong>\u200bVolume Efficiency\u200b<\/strong>\u200b\n<ul>\n<li>Single seat packaging volume = \u200b<strong>\u200b36%\u200b<\/strong>\u200b of product volume<\/li>\n<\/ul>\n<pre><code>(150\u00d7100\u00d770) = 1.05m\u00b3 \u2192 0.30m\u00b3 (71.4% reduction)  <\/code><\/pre>\n<\/li>\n<li>\u200b<strong>\u200bConsistent Packaging Width\/Depth\u200b<\/strong>\u200b\n<ul>\n<li>Uniform width\/depth (113\u00d775cm) across all configurations<\/li>\n<\/ul>\n<\/li>\n<li>\u200b<strong>\u200bFunctional Design\u200b<\/strong>\u200b\n<ul>\n<li>Modular units combine for L-shape layouts<\/li>\n<li>Single seat converts to bed (extension mechanism not shown)<\/li>\n<\/ul>\n<\/li>\n<\/ol>\n<h4><\/h4>\n<h4><span style=\"color: #993300\"><strong>Product dimensions<\/strong><\/span><\/h4>\n<p><span data-slate-node=\"text\"><span class=\"\" data-slate-leaf=\"true\" data-sent-id=\"oaAbMP4eqJ\" data-para-id=\"1\">\u2022 Single Seat: 150\u00d7100\u00d770cm<\/span><\/span><\/p>\n<p><span data-slate-node=\"text\"><span class=\"\" data-slate-leaf=\"true\" data-sent-id=\"kywoRk3d59\" data-para-id=\"2\">\u2022 Double Seat: 180\u00d7100\u00d770cm<\/span><\/span><\/p>\n<p><span data-slate-node=\"text\"><span class=\"\" data-slate-leaf=\"true\" data-sent-id=\"yLwvvJ9dw4\" data-para-id=\"3\">\u2022 Multi Seat: 200\u00d7100\u00d770cm<\/span><\/span><\/p>\n<p><span data-slate-node=\"text\"><span class=\"\" data-slate-leaf=\"true\" data-sent-id=\"pEq6GpY8AV\" data-para-id=\"4\">\u2022 Big Multi Seat: 300\u00d7100\u00d770cm<\/span><\/span><\/p>\n<p>&nbsp;<\/p>\n<h4>Package dimensions<\/h4>\n<p><span data-slate-node=\"text\"><span class=\"\" data-slate-leaf=\"true\" data-sent-id=\"oaAbMP4eqJ\" data-para-id=\"1\">\u2022 Single Seat: 113\u00d775\u00d735cm, 0.3 <\/span><\/span>M<sup>3<\/sup><\/p>\n<p><span data-slate-node=\"text\"><span class=\"\" data-slate-leaf=\"true\" data-sent-id=\"kywoRk3d59\" data-para-id=\"2\">\u2022 Double Seat: 113\u00d775\u00d738cm, 0.32 M<sup>3<\/sup><\/span><\/span><\/p>\n<p><span data-slate-node=\"text\"><span class=\"\" data-slate-leaf=\"true\" data-sent-id=\"yLwvvJ9dw4\" data-para-id=\"3\">\u2022 Multi Seat: 113\u00d775\u00d741cm, 0.347 M<sup>3<\/sup><\/span><\/span><\/p>\n<p><span data-slate-node=\"text\"><span class=\"\" data-slate-leaf=\"true\" data-sent-id=\"pEq6GpY8AV\" data-para-id=\"4\">\u2022 Big Multi Seat: 113\u00d775\u00d741\u00d72cm, 0.69 M<sup>3<\/sup><\/span><\/span><\/p>","protected":false},"excerpt":{"rendered":"<table>\n<thead>\n<tr>\n<th><strong>specification<\/strong><\/th>\n<th><strong>size (cm)<\/strong><\/th>\n<th><strong>packaging size\/volume<\/strong><\/th>\n<\/tr>\n<\/thead>\n<tbody>\n<tr>\n<td><span data-slate-node=\"text\"><span class=\"\" data-slate-leaf=\"true\" data-sent-id=\"oaAbMP4eqJ\" data-para-id=\"1\">Single Seat<\/span><\/span><\/td>\n<td><span data-slate-node=\"text\"><span class=\"\" data-slate-leaf=\"true\" data-sent-id=\"oaAbMP4eqJ\" data-para-id=\"1\">150\u00d7100\u00d770<\/span><\/span><\/td>\n<td><span data-slate-node=\"text\"><span class=\"\" data-slate-leaf=\"true\" data-sent-id=\"oaAbMP4eqJ\" data-para-id=\"1\">113\u00d775\u00d735<\/span><\/span>cm (<span data-slate-node=\"text\"><span class=\"\" data-slate-leaf=\"true\" data-sent-id=\"oaAbMP4eqJ\" data-para-id=\"1\">0.3<\/span><\/span>m\u00b3)<\/td>\n<\/tr>\n<tr>\n<td><span data-slate-node=\"text\"><span class=\"\" data-slate-leaf=\"true\" data-sent-id=\"kywoRk3d59\" data-para-id=\"2\">Double Seat<\/span><\/span><\/td>\n<td><span data-slate-node=\"text\"><span class=\"\" data-slate-leaf=\"true\" data-sent-id=\"kywoRk3d59\" data-para-id=\"2\">180\u00d7100\u00d770<\/span><\/span><\/td>\n<td><span data-slate-node=\"text\"><span class=\"\" data-slate-leaf=\"true\" data-sent-id=\"kywoRk3d59\" data-para-id=\"2\">113\u00d775\u00d738<\/span><\/span>cm (<span data-slate-node=\"text\"><span class=\"\" data-slate-leaf=\"true\" data-sent-id=\"kywoRk3d59\" data-para-id=\"2\">0.32<\/span><\/span>m\u00b3)<\/td>\n<\/tr>\n<tr>\n<td><span data-slate-node=\"text\"><span class=\"\" data-slate-leaf=\"true\" data-sent-id=\"yLwvvJ9dw4\" data-para-id=\"3\">Multi Seat<\/span><\/span><\/td>\n<td><span data-slate-node=\"text\"><span class=\"\" data-slate-leaf=\"true\" data-sent-id=\"yLwvvJ9dw4\" data-para-id=\"3\">200\u00d7100\u00d770<\/span><\/span><\/td>\n<td><span data-slate-node=\"text\"><span class=\"\" data-slate-leaf=\"true\" data-sent-id=\"yLwvvJ9dw4\" data-para-id=\"3\">113\u00d775\u00d741<\/span><\/span>cm (<span data-slate-node=\"text\"><span class=\"\" data-slate-leaf=\"true\" data-sent-id=\"yLwvvJ9dw4\" data-para-id=\"3\">0.347<\/span><\/span>m\u00b3)<\/td>\n<\/tr>\n<tr>\n<td><span data-slate-node=\"text\"><span class=\"\" data-slate-leaf=\"true\" data-sent-id=\"pEq6GpY8AV\" data-para-id=\"4\">Big Multi Seat<\/span><\/span><\/td>\n<td><span data-slate-node=\"text\"><span class=\"\" data-slate-leaf=\"true\" data-sent-id=\"pEq6GpY8AV\" data-para-id=\"4\">300\u00d7100\u00d770<\/span><\/span><\/td>\n<td><span data-slate-node=\"text\"><span class=\"\" data-slate-leaf=\"true\" data-sent-id=\"pEq6GpY8AV\" data-para-id=\"4\">113\u00d775\u00d741\u00d72<\/span><\/span>cm (<span data-slate-node=\"text\"><span class=\"\" data-slate-leaf=\"true\" data-sent-id=\"pEq6GpY8AV\" data-para-id=\"4\">0.69<\/span><\/span>m\u00b3)<\/td>\n<\/tr>\n<\/tbody>\n<\/table>\n<p>&nbsp;<\/p>","protected":false},"featured_media":14127,"template":"","meta":{"_joinchat":[]},"product_brand":[],"product_cat":[83],"product_tag":[],"class_list":{"0":"post-10702","1":"product","2":"type-product","3":"status-publish","4":"has-post-thumbnail","6":"product_cat-sofa-set","8":"first","9":"instock","10":"sale","11":"shipping-taxable","12":"purchasable","13":"product-type-variable"},"bundled_by":[],"bundle_stock_status":"instock","bundle_stock_quantity":null,"bundle_virtual":false,"bundle_layout":"","bundle_add_to_cart_form_location":"","bundle_editable_in_cart":false,"bundle_sold_individually_context":"","bundle_item_grouping":"","bundle_min_size":"","bundle_max_size":"","bundle_price":[],"bundled_items":[],"bundle_sell_ids":[],"_links":{"self":[{"href":"https:\/\/rondaplus.com\/ar\/wp-json\/wp\/v2\/product\/10702","targetHints":{"allow":["GET"]}}],"collection":[{"href":"https:\/\/rondaplus.com\/ar\/wp-json\/wp\/v2\/product"}],"about":[{"href":"https:\/\/rondaplus.com\/ar\/wp-json\/wp\/v2\/types\/product"}],"version-history":[{"count":6,"href":"https:\/\/rondaplus.com\/ar\/wp-json\/wp\/v2\/product\/10702\/revisions"}],"predecessor-version":[{"id":14133,"href":"https:\/\/rondaplus.com\/ar\/wp-json\/wp\/v2\/product\/10702\/revisions\/14133"}],"wp:featuredmedia":[{"embeddable":true,"href":"https:\/\/rondaplus.com\/ar\/wp-json\/wp\/v2\/media\/14127"}],"wp:attachment":[{"href":"https:\/\/rondaplus.com\/ar\/wp-json\/wp\/v2\/media?parent=10702"}],"wp:term":[{"taxonomy":"product_brand","embeddable":true,"href":"https:\/\/rondaplus.com\/ar\/wp-json\/wp\/v2\/product_brand?post=10702"},{"taxonomy":"product_cat","embeddable":true,"href":"https:\/\/rondaplus.com\/ar\/wp-json\/wp\/v2\/product_cat?post=10702"},{"taxonomy":"product_tag","embeddable":true,"href":"https:\/\/rondaplus.com\/ar\/wp-json\/wp\/v2\/product_tag?post=10702"}],"curies":[{"name":"wp","href":"https:\/\/api.w.org\/{rel}","templated":true}]}}