{"id":10617,"date":"2025-07-23T08:26:26","date_gmt":"2025-07-23T08:26:26","guid":{"rendered":"https:\/\/rondaplus.com\/?post_type=product&#038;p=10617"},"modified":"2026-05-07T11:19:35","modified_gmt":"2026-05-07T11:19:35","slug":"compressed-sofa-011","status":"publish","type":"product","link":"https:\/\/rondaplus.com\/ar\/product\/compressed-sofa-011\/","title":{"rendered":"Compressed Sofa-B011"},"content":{"rendered":"<h4><span style=\"color: #993300\"><strong>Multiple colors to choose from, according to preference.<\/strong><\/span><\/h4>\n<h3><strong><img fetchpriority=\"high\" decoding=\"async\" class=\"alignnone wp-image-10626\" src=\"https:\/\/rondaplus.com\/wp-content\/uploads\/2025\/07\/RB\u4e2d.jpeg\" alt=\"\" width=\"598\" height=\"940\" srcset=\"https:\/\/rondaplus.com\/wp-content\/uploads\/2025\/07\/RB\u4e2d.jpeg 407w, https:\/\/rondaplus.com\/wp-content\/uploads\/2025\/07\/RB\u4e2d-148x233.jpeg 148w, https:\/\/rondaplus.com\/wp-content\/uploads\/2025\/07\/RB\u4e2d-191x300.jpeg 191w, https:\/\/rondaplus.com\/wp-content\/uploads\/2025\/07\/RB\u4e2d-8x12.jpeg 8w\" sizes=\"(max-width: 598px) 100vw, 598px\" \/><\/strong><\/h3>\n<h3><strong>Core Features\u200b<\/strong>\u200b<\/h3>\n<ul>\n<li>\u200b<strong>\u200bModular Design\u200b<\/strong>\u200b: Combine single\/multi-seat units freely<\/li>\n<li>\u200b<strong>\u200bMaterial Advantage\u200b<\/strong>\u200b:\n<ul>\n<li>Non-deforming sponge core<\/li>\n<li>Abrasion-resistant fabric<\/li>\n<\/ul>\n<\/li>\n<li>\u200b<strong>\u200bSpace Adaptability\u200b<\/strong>\u200b: 4 size configurations for flexible layouts<\/li>\n<li>\u200b<strong>\u200bAesthetic Signature\u200b<\/strong>\u200b: Bubble-textured surface (tactile\/visual appeal)<\/li>\n<\/ul>\n<p>&nbsp;<\/p>\n<ul>\n<li>\u00a0 \u00a0 \u00a0 \u00a0 \u00a0 \u00a0 \u00a0 \u00a0 \u00a0 \u00a0 \u00a0 \u00a0 \u00a0 \u00a0 \u00a0 Single Seat: 120\u00d7112\u00d770cm<\/li>\n<li><span data-slate-fragment=\"JTVCJTdCJTIydHlwZSUyMiUzQSUyMnBhcmFncmFwaCUyMiUyQyUyMmNoaWxkcmVuJTIyJTNBJTVCJTdCJTIyaWQlMjIlM0ElMjJ5THd2UmQ4Tnc0JTIyJTJDJTIycGFyYUlkeCUyMiUzQTIlMkMlMjJzcmMlMjIlM0ElMjJNdWx0aS1wb3NpdGlvbiUyMiUyQyUyMmRzdCUyMiUzQSUyMiVFNSVBNCU5QSVFNCVCRCU4RCVFNyVCRCVBRSUyMiUyQyUyMm1ldGFkYXRhJTIyJTNBJTIyJTIyJTJDJTIybWF0Y2hlcyUyMiUzQW51bGwlMkMlMjJ0cmFuc2xhdGVkQnklMjIlM0FudWxsJTJDJTIybWV0YURhdGElMjIlM0ElNUIlNUQlMkMlMjJ0ZXh0JTIyJTNBJTIyTXVsdGktcG9zaXRpb24lMjIlN0QlNUQlN0QlNUQ=\">\u00a0 \u00a0 \u00a0Multi-position small size<\/span>: 180\u00d760\u00d736cm<\/li>\n<li><span data-slate-fragment=\"JTVCJTdCJTIydHlwZSUyMiUzQSUyMnBhcmFncmFwaCUyMiUyQyUyMmNoaWxkcmVuJTIyJTNBJTVCJTdCJTIyaWQlMjIlM0ElMjJ5THd2UmQ4Tnc0JTIyJTJDJTIycGFyYUlkeCUyMiUzQTIlMkMlMjJzcmMlMjIlM0ElMjJNdWx0aS1wb3NpdGlvbiUyMiUyQyUyMmRzdCUyMiUzQSUyMiVFNSVBNCU5QSVFNCVCRCU4RCVFNyVCRCVBRSUyMiUyQyUyMm1ldGFkYXRhJTIyJTNBJTIyJTIyJTJDJTIybWF0Y2hlcyUyMiUzQW51bGwlMkMlMjJ0cmFuc2xhdGVkQnklMjIlM0FudWxsJTJDJTIybWV0YURhdGElMjIlM0ElNUIlNUQlMkMlMjJ0ZXh0JTIyJTNBJTIyTXVsdGktcG9zaXRpb24lMjIlN0QlNUQlN0QlNUQ=\">Multi-position medium size<\/span>: 193\u00d7108\u00d776cm<\/li>\n<li><span data-slate-fragment=\"JTVCJTdCJTIydHlwZSUyMiUzQSUyMnBhcmFncmFwaCUyMiUyQyUyMmNoaWxkcmVuJTIyJTNBJTVCJTdCJTIyaWQlMjIlM0ElMjJ5THd2UmQ4Tnc0JTIyJTJDJTIycGFyYUlkeCUyMiUzQTIlMkMlMjJzcmMlMjIlM0ElMjJNdWx0aS1wb3NpdGlvbiUyMiUyQyUyMmRzdCUyMiUzQSUyMiVFNSVBNCU5QSVFNCVCRCU4RCVFNyVCRCVBRSUyMiUyQyUyMm1ldGFkYXRhJTIyJTNBJTIyJTIyJTJDJTIybWF0Y2hlcyUyMiUzQW51bGwlMkMlMjJ0cmFuc2xhdGVkQnklMjIlM0FudWxsJTJDJTIybWV0YURhdGElMjIlM0ElNUIlNUQlMkMlMjJ0ZXh0JTIyJTNBJTIyTXVsdGktcG9zaXRpb24lMjIlN0QlNUQlN0QlNUQ=\">\u00a0 \u00a0 \u00a0 Multi-position large size<\/span>: 243\u00d7108\u00d776cm<\/li>\n<\/ul>\n<p><img decoding=\"async\" class=\"alignleft wp-image-14042 size-medium\" src=\"https:\/\/rondaplus.com\/wp-content\/uploads\/2025\/07\/\u5355\u4eba-300x300.jpg\" alt=\"\" width=\"300\" height=\"300\" srcset=\"https:\/\/rondaplus.com\/wp-content\/uploads\/2025\/07\/\u5355\u4eba-300x300.jpg 300w, https:\/\/rondaplus.com\/wp-content\/uploads\/2025\/07\/\u5355\u4eba-150x150.jpg 150w, https:\/\/rondaplus.com\/wp-content\/uploads\/2025\/07\/\u5355\u4eba-768x768.jpg 768w, https:\/\/rondaplus.com\/wp-content\/uploads\/2025\/07\/\u5355\u4eba-12x12.jpg 12w, https:\/\/rondaplus.com\/wp-content\/uploads\/2025\/07\/\u5355\u4eba-600x600.jpg 600w, https:\/\/rondaplus.com\/wp-content\/uploads\/2025\/07\/\u5355\u4eba-148x148.jpg 148w, https:\/\/rondaplus.com\/wp-content\/uploads\/2025\/07\/\u5355\u4eba.jpg 800w\" sizes=\"(max-width: 300px) 100vw, 300px\" \/> <img decoding=\"async\" class=\"alignleft wp-image-14044 size-medium\" src=\"https:\/\/rondaplus.com\/wp-content\/uploads\/2025\/07\/\u591a\u4eba\u5c0f-300x300.png\" alt=\"\" width=\"300\" height=\"300\" srcset=\"https:\/\/rondaplus.com\/wp-content\/uploads\/2025\/07\/\u591a\u4eba\u5c0f-300x300.png 300w, https:\/\/rondaplus.com\/wp-content\/uploads\/2025\/07\/\u591a\u4eba\u5c0f-1024x1024.png 1024w, https:\/\/rondaplus.com\/wp-content\/uploads\/2025\/07\/\u591a\u4eba\u5c0f-150x150.png 150w, https:\/\/rondaplus.com\/wp-content\/uploads\/2025\/07\/\u591a\u4eba\u5c0f-768x768.png 768w, https:\/\/rondaplus.com\/wp-content\/uploads\/2025\/07\/\u591a\u4eba\u5c0f-1536x1536.png 1536w, https:\/\/rondaplus.com\/wp-content\/uploads\/2025\/07\/\u591a\u4eba\u5c0f-12x12.png 12w, https:\/\/rondaplus.com\/wp-content\/uploads\/2025\/07\/\u591a\u4eba\u5c0f-600x600.png 600w, https:\/\/rondaplus.com\/wp-content\/uploads\/2025\/07\/\u591a\u4eba\u5c0f-1200x1200.png 1200w, https:\/\/rondaplus.com\/wp-content\/uploads\/2025\/07\/\u591a\u4eba\u5c0f-148x148.png 148w, https:\/\/rondaplus.com\/wp-content\/uploads\/2025\/07\/\u591a\u4eba\u5c0f.png 2048w\" sizes=\"(max-width: 300px) 100vw, 300px\" \/><img loading=\"lazy\" decoding=\"async\" class=\"alignleft wp-image-14045 size-medium\" src=\"https:\/\/rondaplus.com\/wp-content\/uploads\/2025\/07\/\u591a\u4eba\u4e2d-300x300.png\" alt=\"\" width=\"300\" height=\"300\" srcset=\"https:\/\/rondaplus.com\/wp-content\/uploads\/2025\/07\/\u591a\u4eba\u4e2d-300x300.png 300w, https:\/\/rondaplus.com\/wp-content\/uploads\/2025\/07\/\u591a\u4eba\u4e2d-1024x1024.png 1024w, https:\/\/rondaplus.com\/wp-content\/uploads\/2025\/07\/\u591a\u4eba\u4e2d-150x150.png 150w, https:\/\/rondaplus.com\/wp-content\/uploads\/2025\/07\/\u591a\u4eba\u4e2d.png 2048w\" sizes=\"(max-width: 300px) 100vw, 300px\" \/><img loading=\"lazy\" decoding=\"async\" class=\"alignleft wp-image-14043\" src=\"https:\/\/rondaplus.com\/wp-content\/uploads\/2025\/07\/\u591a\u4eba\u5927.png\" alt=\"\" width=\"300\" height=\"300\" \/><\/p>","protected":false},"excerpt":{"rendered":"<div class=\"hyc-common-markdown__table-wrapper isDark\" data-has-scroll=\"false\">\n<table>\n<thead>\n<tr>\n<th>\u200b<strong>\u200bCategory\u200b<\/strong>\u200b<\/th>\n<th>\u200b<strong>\u200bAttribute\u200b<\/strong>\u200b<\/th>\n<th>\u200b<strong>\u200bSpecification\u200b<\/strong>\u200b<\/th>\n<\/tr>\n<\/thead>\n<tbody>\n<tr>\n<td>\u200b<strong>\u200bGlobal Attributes\u200b<\/strong>\u200b<\/td>\n<td>Product Number<\/td>\n<td>B-011<\/td>\n<\/tr>\n<tr>\n<td><\/td>\n<td><\/td>\n<td><\/td>\n<\/tr>\n<tr>\n<td><\/td>\n<td>Fabric Type<\/td>\n<td>Anti-wrinkle fabric<\/td>\n<\/tr>\n<tr>\n<td><\/td>\n<td>Core Material<\/td>\n<td>Integral molded sponge<\/td>\n<\/tr>\n<tr>\n<td><\/td>\n<td>Color Options<\/td>\n<td>Select according to the color palette<\/td>\n<\/tr>\n<tr>\n<td>\u200b<strong>\u200bDimensions (cm)\u200b<\/strong>\u200b<\/td>\n<td>\u200b<strong>\u200bSingle Seat\u200b<\/strong>\u200b<\/td>\n<td>120 \u00d7 112 \u00d7 70 (L\u00d7W\u00d7H)<\/td>\n<\/tr>\n<tr>\n<td><\/td>\n<td>\u200b<strong>\u200bMulti-position small size\u200b<\/strong>\u200b<\/td>\n<td>180 \u00d7 60 \u00d7 36<\/td>\n<\/tr>\n<tr>\n<td><\/td>\n<td>Multi-position medium size\u200b<\/td>\n<td>193 \u00d7 108 \u00d7 76<\/td>\n<\/tr>\n<tr>\n<td><\/td>\n<td>\u200b<strong>\u200bMulti-position large siz<\/strong>\u200b<\/td>\n<td>243 \u00d7 108 \u00d7 76<\/td>\n<\/tr>\n<tr>\n<td>\u200b<strong>\u200bDesign &amp; Features\u200b<\/strong>\u200b<\/td>\n<td>Structure<\/td>\n<td>Modular bubble-textured units<\/td>\n<\/tr>\n<tr>\n<td><\/td>\n<td>Functionality<\/td>\n<td>Customizable layouts<\/td>\n<\/tr>\n<tr>\n<td><\/td>\n<td>Surface Detail<\/td>\n<td>3D padded upholstery<\/td>\n<\/tr>\n<\/tbody>\n<\/table>\n<\/div>\n<hr \/>\n<h3>\u200b<strong>\u200b<\/strong><\/h3>","protected":false},"featured_media":14055,"template":"","meta":{"_joinchat":[]},"product_brand":[],"product_cat":[83],"product_tag":[],"class_list":{"0":"post-10617","1":"product","2":"type-product","3":"status-publish","4":"has-post-thumbnail","6":"product_cat-sofa-set","8":"first","9":"instock","10":"sale","11":"shipping-taxable","12":"purchasable","13":"product-type-variable"},"bundled_by":[],"bundle_stock_status":"instock","bundle_stock_quantity":null,"bundle_virtual":false,"bundle_layout":"","bundle_add_to_cart_form_location":"","bundle_editable_in_cart":false,"bundle_sold_individually_context":"","bundle_item_grouping":"","bundle_min_size":"","bundle_max_size":"","bundle_price":[],"bundled_items":[],"bundle_sell_ids":[],"_links":{"self":[{"href":"https:\/\/rondaplus.com\/ar\/wp-json\/wp\/v2\/product\/10617","targetHints":{"allow":["GET"]}}],"collection":[{"href":"https:\/\/rondaplus.com\/ar\/wp-json\/wp\/v2\/product"}],"about":[{"href":"https:\/\/rondaplus.com\/ar\/wp-json\/wp\/v2\/types\/product"}],"version-history":[{"count":6,"href":"https:\/\/rondaplus.com\/ar\/wp-json\/wp\/v2\/product\/10617\/revisions"}],"predecessor-version":[{"id":14060,"href":"https:\/\/rondaplus.com\/ar\/wp-json\/wp\/v2\/product\/10617\/revisions\/14060"}],"wp:featuredmedia":[{"embeddable":true,"href":"https:\/\/rondaplus.com\/ar\/wp-json\/wp\/v2\/media\/14055"}],"wp:attachment":[{"href":"https:\/\/rondaplus.com\/ar\/wp-json\/wp\/v2\/media?parent=10617"}],"wp:term":[{"taxonomy":"product_brand","embeddable":true,"href":"https:\/\/rondaplus.com\/ar\/wp-json\/wp\/v2\/product_brand?post=10617"},{"taxonomy":"product_cat","embeddable":true,"href":"https:\/\/rondaplus.com\/ar\/wp-json\/wp\/v2\/product_cat?post=10617"},{"taxonomy":"product_tag","embeddable":true,"href":"https:\/\/rondaplus.com\/ar\/wp-json\/wp\/v2\/product_tag?post=10617"}],"curies":[{"name":"wp","href":"https:\/\/api.w.org\/{rel}","templated":true}]}}